{"id":9,"date":"2017-09-27T14:05:03","date_gmt":"2017-09-27T12:05:03","guid":{"rendered":"http:\/\/test.musiksyndikat.de\/syndikat\/?page_id=9"},"modified":"2019-08-02T20:31:44","modified_gmt":"2019-08-02T18:31:44","slug":"interessenvertretung-fuer-musiker","status":"publish","type":"page","link":"http:\/\/test.musiksyndikat.de\/syndikat\/interessenvertretung-fuer-musiker\/","title":{"rendered":"Zur F\u00f6rderung freiberuflicher Musiker"},"content":{"rendered":"<h1 class=\"p1\">MusikSyndikat Ruhr<\/h1>\n<p class=\"p2\"><strong>Wir haben den Verein am 26.11.2017 im Gasthaus zur Quelle gegr\u00fcndet. Die Eintragung beim Amtsgericht folgt in K\u00fcrze.<\/strong><\/p>\n<p><img loading=\"lazy\" class=\"alignnone wp-image-29 size-large\" src=\"http:\/\/test.musiksyndikat.de\/syndikat\/wp-content\/uploads\/2017\/11\/gruendung_26_11_2017_corr-1024x768.jpg\" alt=\"\" width=\"810\" height=\"608\" srcset=\"http:\/\/test.musiksyndikat.de\/syndikat\/wp-content\/uploads\/2017\/11\/gruendung_26_11_2017_corr-1024x768.jpg 1024w, http:\/\/test.musiksyndikat.de\/syndikat\/wp-content\/uploads\/2017\/11\/gruendung_26_11_2017_corr-300x225.jpg 300w, http:\/\/test.musiksyndikat.de\/syndikat\/wp-content\/uploads\/2017\/11\/gruendung_26_11_2017_corr-768x576.jpg 768w, http:\/\/test.musiksyndikat.de\/syndikat\/wp-content\/uploads\/2017\/11\/gruendung_26_11_2017_corr.jpg 1400w\" sizes=\"(max-width: 810px) 100vw, 810px\" \/><\/p>\n<p class=\"p1\">Das MusikSyndikat Ruhr will sich als Verein organisieren und f\u00fcr die Existenzsicherung, F\u00f6rderung und Verbreitung der freiberuflichen Musiker\/innen einsetzen. Es k\u00fcmmert sich um die k\u00fcnstlerischen, beruflichen, rechtlichen, sozialen Bed\u00fcrfnisse seiner Mitglieder. Das Musiksydikat Ruhr will erreichen, da\u00df K\u00fcnstler\/innen als vollwertige Mitglieder der sozialen Gesellschaft anerkannt und honoriert werden.<\/p>\n<p class=\"p1\"><strong>Wir fordern:<\/strong><\/p>\n<ul>\n<li style=\"list-style-type: none;\">\n<ul>\n<li class=\"p1\">Mehr Raum f\u00fcr die Basiskultur &#8211; gegen Bevormundung<\/li>\n<\/ul>\n<\/li>\n<\/ul>\n<ul>\n<li style=\"list-style-type: none;\">\n<ul>\n<li class=\"p1\">Mehr gef\u00f6rderte Spielm\u00f6glichkeiten f\u00fcr Bands<\/li>\n<\/ul>\n<\/li>\n<\/ul>\n<ul>\n<li style=\"list-style-type: none;\">\n<ul>\n<li class=\"p1\">Kein Spielen ohne Gage auf \u00f6ffentlichen Veranstaltungen<\/li>\n<\/ul>\n<\/li>\n<\/ul>\n<ul>\n<li style=\"list-style-type: none;\">\n<ul>\n<li class=\"p1\">Kein Spielen nur \u201eauf Hut\u201c<\/li>\n<\/ul>\n<\/li>\n<\/ul>\n<ul>\n<li style=\"list-style-type: none;\">\n<ul>\n<li class=\"p1\">Schlu\u00df mit der Ausbeutung durch Kultur und Schule<\/li>\n<\/ul>\n<\/li>\n<\/ul>\n<ul>\n<li class=\"p1\">Angemessene Bezahlung f\u00fcr professionelle K\u00fcnstler\/innen<\/li>\n<\/ul>\n<p class=\"p1\"><strong>Wir planen:<\/strong><\/p>\n<ul>\n<li style=\"list-style-type: none;\">\n<ul>\n<li class=\"p1\">Aktion Raum f\u00fcr Kultur<\/li>\n<\/ul>\n<\/li>\n<\/ul>\n<ul>\n<li style=\"list-style-type: none;\">\n<ul>\n<li class=\"p1\">Flashmob an zentralen Pl\u00e4tzen \u2013 Musiker\/innen mit Instrumenten aber nicht spielend<\/li>\n<\/ul>\n<\/li>\n<\/ul>\n<ul>\n<li style=\"list-style-type: none;\">\n<ul>\n<li class=\"p1\">Musikalische Veranstaltungen mit Thematisierung der MusikSyndikat-Ideen + Inhalte<\/li>\n<\/ul>\n<\/li>\n<\/ul>\n<ul>\n<li style=\"list-style-type: none;\">\n<ul>\n<li class=\"p1\">Vergabe von Livemusik-Lizenzen f\u00fcr Veranstaltungsorte<\/li>\n<\/ul>\n<\/li>\n<\/ul>\n<ul>\n<li style=\"list-style-type: none;\">\n<ul>\n<li class=\"p1\">Vergabe von Livemusik-Lizenzen f\u00fcr Stra\u00dfenmusik<\/li>\n<\/ul>\n<\/li>\n<\/ul>\n<ul>\n<li class=\"p1\">Beantragung der finanziellen Unterst\u00fctzung durch das Kulturb\u00fcro<\/li>\n<\/ul>\n","protected":false},"excerpt":{"rendered":"<p>MusikSyndikat Ruhr Wir haben den Verein am 26.11.2017 im Gasthaus zur Quelle gegr\u00fcndet. Die Eintragung beim Amtsgericht folgt in K\u00fcrze. Das MusikSyndikat Ruhr will sich als Verein organisieren und f\u00fcr die Existenzsicherung, F\u00f6rderung und Verbreitung der freiberuflichen Musiker\/innen einsetzen. Es k\u00fcmmert sich um die k\u00fcnstlerischen, beruflichen, rechtlichen, sozialen Bed\u00fcrfnisse seiner Mitglieder. Das Musiksydikat Ruhr will [&hellip;]<\/p>\n","protected":false},"author":1,"featured_media":0,"parent":0,"menu_order":0,"comment_status":"closed","ping_status":"closed","template":"","meta":[],"_links":{"self":[{"href":"http:\/\/test.musiksyndikat.de\/syndikat\/wp-json\/wp\/v2\/pages\/9"}],"collection":[{"href":"http:\/\/test.musiksyndikat.de\/syndikat\/wp-json\/wp\/v2\/pages"}],"about":[{"href":"http:\/\/test.musiksyndikat.de\/syndikat\/wp-json\/wp\/v2\/types\/page"}],"author":[{"embeddable":true,"href":"http:\/\/test.musiksyndikat.de\/syndikat\/wp-json\/wp\/v2\/users\/1"}],"replies":[{"embeddable":true,"href":"http:\/\/test.musiksyndikat.de\/syndikat\/wp-json\/wp\/v2\/comments?post=9"}],"version-history":[{"count":15,"href":"http:\/\/test.musiksyndikat.de\/syndikat\/wp-json\/wp\/v2\/pages\/9\/revisions"}],"predecessor-version":[{"id":245,"href":"http:\/\/test.musiksyndikat.de\/syndikat\/wp-json\/wp\/v2\/pages\/9\/revisions\/245"}],"wp:attachment":[{"href":"http:\/\/test.musiksyndikat.de\/syndikat\/wp-json\/wp\/v2\/media?parent=9"}],"curies":[{"name":"wp","href":"https:\/\/api.w.org\/{rel}","templated":true}]}}