{"id":181,"date":"2019-03-06T11:17:16","date_gmt":"2019-03-06T10:17:16","guid":{"rendered":"http:\/\/test.musiksyndikat.de\/syndikat\/?page_id=181"},"modified":"2021-05-28T11:49:51","modified_gmt":"2021-05-28T09:49:51","slug":"aktuelles","status":"publish","type":"page","link":"http:\/\/test.musiksyndikat.de\/syndikat\/","title":{"rendered":"Aktuelles"},"content":{"rendered":"<div id=\"metaslider-id-201\" style=\"max-width: 1300px;\" class=\"ml-slider-3-16-4 metaslider metaslider-nivo metaslider-201 ml-slider\">\n    <div id=\"metaslider_container_201\">\n        <div class='slider-wrapper theme-default'><div class='ribbon'><\/div><div id='metaslider_201' class='nivoSlider'><a href=\"http:\/\/test.musiksyndikat.de\/syndikat\/wp-content\/uploads\/2021\/08\/SYNDIKAT_SOMMER_SONNE_LIVE-1.jpg\" target=\"_self\"><img src=\"http:\/\/test.musiksyndikat.de\/syndikat\/wp-content\/uploads\/2021\/08\/SYNDIKAT_SOMMER_SONNE_LIVE-1-1300x760.jpg\" height=\"760\" width=\"1300\" title=\"SYNDIKAT_SOMMER_SONNE_LIVE\" alt=\"\" class=\"slider-201 slide-516\" \/><\/a><\/div><\/div>\n        \n    <\/div>\n<\/div>\n\n\n\r\n    <div class=\"smblog_masonry_numcol\" >\r\n     \r\n        <div class=\"sm-grid sm-effect\" id=\"sm-grid-layout\">  \r\n\r\n            \r\n                        <div class=\"grid-sm-boxes-in post-468\">\r\n               <div class=\"grid-sm-border\">\r\n                  \r\n                            \r\n                               <div class=\"sm-grid-boxes-caption\">\r\n                    <div class=\"sm-post-title\"><a href=\"http:\/\/test.musiksyndikat.de\/syndikat\/2021\/08\/16\/sommer-sonne-livemusik-2\/\">Die n\u00e4chsten Konzerte aus der Reihe Sommer. Sonne. Livemusik.<\/a><\/div>                \r\n                    <div class=\"sm-list-inline sm-grid-boxes-news\">\r\n                       <div class=\"sm-meta\"> \r\n                        <span class=\"sm-meta-part\">\r\n                                               <span class=\"sm-meta-date\"> <i class=\"sm-icon-date\"> \r\n                        <\/i><a href=\"http:\/\/test.musiksyndikat.de\/syndikat\/2021\/08\/16\/\">16. August 2021<\/a> <\/span> \r\n                                             <\/span>\r\n                     <\/div>\r\n                    <\/div>  \r\n                   <div class=\"sm-grid-boxes-quote\">\r\n                    <\/p>Die n\u00e4chsten Konzerte aus der Reihe Sommer. Sonne. Livemusik. DIESELKNECHT . . . Im Hier und Jetzt bieten Dieselknecht Americana&hellip;<\/p>                   <\/div>\r\n                <\/div>\r\n                              \r\n              <\/div>\r\n          <\/div>\r\n            \r\n      \r\n                        <div class=\"grid-sm-boxes-in post-437\">\r\n               <div class=\"grid-sm-border\">\r\n                  <a href =\"http:\/\/test.musiksyndikat.de\/syndikat\/2021\/07\/27\/sommersonnelivemusik\/\"><img class=\"img-responsive\" src=\"http:\/\/test.musiksyndikat.de\/syndikat\/wp-content\/uploads\/2021\/07\/Das-Weers.png\"><\/a>\r\n                            \r\n                               <div class=\"sm-grid-boxes-caption\">\r\n                    <div class=\"sm-post-title\"><a href=\"http:\/\/test.musiksyndikat.de\/syndikat\/2021\/07\/27\/sommersonnelivemusik\/\">Sommer, Sonne, Livemusik<br> &#8222;Das Weers&#8220;<\/a><\/div>                \r\n                    <div class=\"sm-list-inline sm-grid-boxes-news\">\r\n                       <div class=\"sm-meta\"> \r\n                        <span class=\"sm-meta-part\">\r\n                                               <span class=\"sm-meta-date\"> <i class=\"sm-icon-date\"> \r\n                        <\/i><a href=\"http:\/\/test.musiksyndikat.de\/syndikat\/2021\/07\/27\/\">27. Juli 2021<\/a> <\/span> \r\n                                             <\/span>\r\n                     <\/div>\r\n                    <\/div>  \r\n                   <div class=\"sm-grid-boxes-quote\">\r\n                    <\/p>\"Das Weers\" - am Samstag, 31.07.2021, zwischen 18 und 20 Uhr, am BierCafe West, Lange Str.42, 44137 Dortmund . .&hellip;<\/p>                   <\/div>\r\n                <\/div>\r\n                              \r\n              <\/div>\r\n          <\/div>\r\n            \r\n      \r\n                        <div class=\"grid-sm-boxes-in post-417\">\r\n               <div class=\"grid-sm-border\">\r\n                  \r\n                            \r\n                               <div class=\"sm-grid-boxes-caption\">\r\n                    <div class=\"sm-post-title\"><a href=\"http:\/\/test.musiksyndikat.de\/syndikat\/2021\/06\/23\/417\/\">Hier der Link f\u00fcr das Online-Konzert The Roughtones<\/a><\/div>                \r\n                    <div class=\"sm-list-inline sm-grid-boxes-news\">\r\n                       <div class=\"sm-meta\"> \r\n                        <span class=\"sm-meta-part\">\r\n                                               <span class=\"sm-meta-date\"> <i class=\"sm-icon-date\"> \r\n                        <\/i><a href=\"http:\/\/test.musiksyndikat.de\/syndikat\/2021\/06\/23\/\">23. Juni 2021<\/a> <\/span> \r\n                                             <\/span>\r\n                     <\/div>\r\n                    <\/div>  \r\n                   <div class=\"sm-grid-boxes-quote\">\r\n                    <\/p>https:\/\/youtu.be\/Qg_6ABmPb_A<\/p>                   <\/div>\r\n                <\/div>\r\n                              \r\n              <\/div>\r\n          <\/div>\r\n            \r\n      \r\n                        <div class=\"grid-sm-boxes-in post-407\">\r\n               <div class=\"grid-sm-border\">\r\n                  <a href =\"http:\/\/test.musiksyndikat.de\/syndikat\/2021\/06\/18\/407\/\"><img class=\"img-responsive\" src=\"http:\/\/test.musiksyndikat.de\/syndikat\/wp-content\/uploads\/2021\/06\/DSC_7817-copy-copy.png\"><\/a>\r\n                            \r\n                               <div class=\"sm-grid-boxes-caption\">\r\n                    <div class=\"sm-post-title\"><a href=\"http:\/\/test.musiksyndikat.de\/syndikat\/2021\/06\/18\/407\/\">The Roughtones<\/a><\/div>                \r\n                    <div class=\"sm-list-inline sm-grid-boxes-news\">\r\n                       <div class=\"sm-meta\"> \r\n                        <span class=\"sm-meta-part\">\r\n                                               <span class=\"sm-meta-date\"> <i class=\"sm-icon-date\"> \r\n                        <\/i><a href=\"http:\/\/test.musiksyndikat.de\/syndikat\/2021\/06\/18\/\">18. Juni 2021<\/a> <\/span> \r\n                                             <\/span>\r\n                     <\/div>\r\n                    <\/div>  \r\n                   <div class=\"sm-grid-boxes-quote\">\r\n                    <\/p>The Roughtones am 26. Juni 2021 um 19.30 Uhr auf Herr Walter am Dortmunder Hafen. Online und mit Publikum .&hellip;<\/p>                   <\/div>\r\n                <\/div>\r\n                              \r\n              <\/div>\r\n          <\/div>\r\n            \r\n      \r\n                        <div class=\"grid-sm-boxes-in post-395\">\r\n               <div class=\"grid-sm-border\">\r\n                  <a href =\"http:\/\/test.musiksyndikat.de\/syndikat\/2021\/06\/12\/hier-der-link-fuer-das-online-konzert-mit-strtommasten\/\"><img class=\"img-responsive\" src=\"http:\/\/test.musiksyndikat.de\/syndikat\/wp-content\/uploads\/2021\/06\/Strommasten_Schriftzug_sw.jpg\"><\/a>\r\n                            \r\n                               <div class=\"sm-grid-boxes-caption\">\r\n                    <div class=\"sm-post-title\"><a href=\"http:\/\/test.musiksyndikat.de\/syndikat\/2021\/06\/12\/hier-der-link-fuer-das-online-konzert-mit-strtommasten\/\">Hier der Link f\u00fcr das Online-Konzert mit Strommasten<\/a><\/div>                \r\n                    <div class=\"sm-list-inline sm-grid-boxes-news\">\r\n                       <div class=\"sm-meta\"> \r\n                        <span class=\"sm-meta-part\">\r\n                                               <span class=\"sm-meta-date\"> <i class=\"sm-icon-date\"> \r\n                        <\/i><a href=\"http:\/\/test.musiksyndikat.de\/syndikat\/2021\/06\/12\/\">12. Juni 2021<\/a> <\/span> \r\n                                             <\/span>\r\n                     <\/div>\r\n                    <\/div>  \r\n                   <div class=\"sm-grid-boxes-quote\">\r\n                    <\/p>https:\/\/youtu.be\/OJsuNTFLh0w<\/p>                   <\/div>\r\n                <\/div>\r\n                              \r\n              <\/div>\r\n          <\/div>\r\n            \r\n      \r\n                        <div class=\"grid-sm-boxes-in post-362\">\r\n               <div class=\"grid-sm-border\">\r\n                  <a href =\"http:\/\/test.musiksyndikat.de\/syndikat\/2021\/06\/04\/strommasten\/\"><img class=\"img-responsive\" src=\"http:\/\/test.musiksyndikat.de\/syndikat\/wp-content\/uploads\/2021\/06\/Strommasten_Pressefoto_B_2020.jpg\"><\/a>\r\n                            \r\n                               <div class=\"sm-grid-boxes-caption\">\r\n                    <div class=\"sm-post-title\"><a href=\"http:\/\/test.musiksyndikat.de\/syndikat\/2021\/06\/04\/strommasten\/\">Samstag, 12. 06. 2021<br> Strommasten Online und mit Publikum auf Herr Walter.<\/a><\/div>                \r\n                    <div class=\"sm-list-inline sm-grid-boxes-news\">\r\n                       <div class=\"sm-meta\"> \r\n                        <span class=\"sm-meta-part\">\r\n                                               <span class=\"sm-meta-date\"> <i class=\"sm-icon-date\"> \r\n                        <\/i><a href=\"http:\/\/test.musiksyndikat.de\/syndikat\/2021\/06\/04\/\">4. Juni 2021<\/a> <\/span> \r\n                                             <\/span>\r\n                     <\/div>\r\n                    <\/div>  \r\n                   <div class=\"sm-grid-boxes-quote\">\r\n                    <\/p>Textlich legen Strommasten den erhobenen Mittelfinger in die Wunden der Gesellschaft und salzen noch ein wenig nach. Sie begeben sich&hellip;<\/p>                   <\/div>\r\n                <\/div>\r\n                              \r\n              <\/div>\r\n          <\/div>\r\n            \r\n      \r\n                        <div class=\"grid-sm-boxes-in post-323\">\r\n               <div class=\"grid-sm-border\">\r\n                  <a href =\"http:\/\/test.musiksyndikat.de\/syndikat\/2021\/05\/19\/klangpoet-online-am-29-05-2021-um-20-uhr\/\"><img class=\"img-responsive\" src=\"http:\/\/test.musiksyndikat.de\/syndikat\/wp-content\/uploads\/2021\/05\/Klangpoet-Foto-2020.jpg\"><\/a>\r\n                            \r\n                               <div class=\"sm-grid-boxes-caption\">\r\n                    <div class=\"sm-post-title\"><a href=\"http:\/\/test.musiksyndikat.de\/syndikat\/2021\/05\/19\/klangpoet-online-am-29-05-2021-um-20-uhr\/\">Klangpoet online am 29.05.2021 um 20 Uhr<\/a><\/div>                \r\n                    <div class=\"sm-list-inline sm-grid-boxes-news\">\r\n                       <div class=\"sm-meta\"> \r\n                        <span class=\"sm-meta-part\">\r\n                                               <span class=\"sm-meta-date\"> <i class=\"sm-icon-date\"> \r\n                        <\/i><a href=\"http:\/\/test.musiksyndikat.de\/syndikat\/2021\/05\/19\/\">19. Mai 2021<\/a> <\/span> \r\n                                             <\/span>\r\n                     <\/div>\r\n                    <\/div>  \r\n                   <div class=\"sm-grid-boxes-quote\">\r\n                    <\/p>Klangpoet ist ein Dortmunder S\u00e4nger, Songwriter &amp; Produzent. Deutschsprachige Songs mit Einfl\u00fcssen von Soul &amp; Hip Hop in Kombination mit&hellip;<\/p>                   <\/div>\r\n                <\/div>\r\n                              \r\n              <\/div>\r\n          <\/div>\r\n            \r\n      \r\n                        <div class=\"grid-sm-boxes-in post-320\">\r\n               <div class=\"grid-sm-border\">\r\n                  <a href =\"http:\/\/test.musiksyndikat.de\/syndikat\/2021\/05\/19\/livekonzerte-online\/\"><img class=\"img-responsive\" src=\"http:\/\/test.musiksyndikat.de\/syndikat\/wp-content\/uploads\/2021\/05\/onlinekonzert.jpg\"><\/a>\r\n                            \r\n                               <div class=\"sm-grid-boxes-caption\">\r\n                    <div class=\"sm-post-title\"><a href=\"http:\/\/test.musiksyndikat.de\/syndikat\/2021\/05\/19\/livekonzerte-online\/\">Livekonzerte online<\/a><\/div>                \r\n                    <div class=\"sm-list-inline sm-grid-boxes-news\">\r\n                       <div class=\"sm-meta\"> \r\n                        <span class=\"sm-meta-part\">\r\n                                               <span class=\"sm-meta-date\"> <i class=\"sm-icon-date\"> \r\n                        <\/i><a href=\"http:\/\/test.musiksyndikat.de\/syndikat\/2021\/05\/19\/\">19. Mai 2021<\/a> <\/span> \r\n                                             <\/span>\r\n                     <\/div>\r\n                    <\/div>  \r\n                   <div class=\"sm-grid-boxes-quote\">\r\n                    <\/p>Am 29.05.2021 startet die neue -Konzertreihe \u201eLivekonzerte-Online\u201c des \"Musiksyndikat Ruhr\" , da\u00df sich f\u00fcr die Existenzsicherung, F\u00f6rderung und Verbreitung der&hellip;<\/p>                   <\/div>\r\n                <\/div>\r\n                              \r\n              <\/div>\r\n          <\/div>\r\n            \r\n      \r\n                        <div class=\"grid-sm-boxes-in post-315\">\r\n               <div class=\"grid-sm-border\">\r\n                  \r\n                            \r\n                               <div class=\"sm-grid-boxes-caption\">\r\n                    <div class=\"sm-post-title\"><a href=\"http:\/\/test.musiksyndikat.de\/syndikat\/2020\/12\/08\/solidaritaetsfonds\/\">Solidarit\u00e4tsfonds<\/a><\/div>                \r\n                    <div class=\"sm-list-inline sm-grid-boxes-news\">\r\n                       <div class=\"sm-meta\"> \r\n                        <span class=\"sm-meta-part\">\r\n                                               <span class=\"sm-meta-date\"> <i class=\"sm-icon-date\"> \r\n                        <\/i><a href=\"http:\/\/test.musiksyndikat.de\/syndikat\/2020\/12\/08\/\">8. Dezember 2020<\/a> <\/span> \r\n                                             <\/span>\r\n                     <\/div>\r\n                    <\/div>  \r\n                   <div class=\"sm-grid-boxes-quote\">\r\n                    <\/p>Solidarit\u00e4tsfonds f\u00fcr freie B\u00fchnen- und Tontechniker:innen, Beleuchter:innen, Stage Hands und Veranstaltungshelfer:innen Wegen der Corona-Pandemie wurden bislang \u00fcber 80.000 Veranstaltungen* in&hellip;<\/p>                   <\/div>\r\n                <\/div>\r\n                              \r\n              <\/div>\r\n          <\/div>\r\n            \r\n      \r\n                        <div class=\"grid-sm-boxes-in post-306\">\r\n               <div class=\"grid-sm-border\">\r\n                  <a href =\"http:\/\/test.musiksyndikat.de\/syndikat\/2020\/08\/25\/what-ever-works-am-28-08-im-renaissance-do\/\"><img class=\"img-responsive\" src=\"http:\/\/test.musiksyndikat.de\/syndikat\/wp-content\/uploads\/2020\/08\/WEWx.jpg\"><\/a>\r\n                            \r\n                               <div class=\"sm-grid-boxes-caption\">\r\n                    <div class=\"sm-post-title\"><a href=\"http:\/\/test.musiksyndikat.de\/syndikat\/2020\/08\/25\/what-ever-works-am-28-08-im-renaissance-do\/\">What Ever Works am 28.08. im Renaissance DO<\/a><\/div>                \r\n                    <div class=\"sm-list-inline sm-grid-boxes-news\">\r\n                       <div class=\"sm-meta\"> \r\n                        <span class=\"sm-meta-part\">\r\n                                               <span class=\"sm-meta-date\"> <i class=\"sm-icon-date\"> \r\n                        <\/i><a href=\"http:\/\/test.musiksyndikat.de\/syndikat\/2020\/08\/25\/\">25. August 2020<\/a> <\/span> \r\n                                             <\/span>\r\n                     <\/div>\r\n                    <\/div>  \r\n                   <div class=\"sm-grid-boxes-quote\">\r\n                    <\/p>4. Konzert der vom Musiksyndikat Ruhr organisierten Openair-Konzertreihe \"Sommer, Sonne, Livemusik\" am Freitag, 28.08.2020 ab 18 Uhr im Biergarten des&hellip;<\/p>                   <\/div>\r\n                <\/div>\r\n                              \r\n              <\/div>\r\n          <\/div>\r\n            \r\n     \r\n        <\/div>\r\n      \r\n    <nav class='sm-pagination'><span aria-current=\"page\" class=\"page-numbers current\">1<\/span>\n<a class=\"page-numbers\" href=\"http:\/\/test.musiksyndikat.de\/syndikat\/wp-json\/wp\/v2\/pages\/181page\/2\">2<\/a>\n<a class=\"page-numbers\" href=\"http:\/\/test.musiksyndikat.de\/syndikat\/wp-json\/wp\/v2\/pages\/181page\/3\">3<\/a>\n<a class=\"page-numbers\" href=\"http:\/\/test.musiksyndikat.de\/syndikat\/wp-json\/wp\/v2\/pages\/181page\/4\">4<\/a>\n<a class=\"next page-numbers\" href=\"http:\/\/test.musiksyndikat.de\/syndikat\/wp-json\/wp\/v2\/pages\/181page\/2\"><i class=\"fa fa-chevron-right\"><\/i><\/a><\/nav>    \r\n     \r\n    <\/div>\r\n\r\n\r\n\n\n\n<ul class=\"wp-block-categories-list wp-block-categories\">\t<li class=\"cat-item cat-item-1\"><a href=\"http:\/\/test.musiksyndikat.de\/syndikat\/category\/allgemein\/\">Allgemein<\/a>\n<\/li>\n\t<li class=\"cat-item cat-item-9\"><a href=\"http:\/\/test.musiksyndikat.de\/syndikat\/category\/verantstaltungen\/konzertreihe-online\/\">Konzertreihe online<\/a>\n<\/li>\n\t<li class=\"cat-item cat-item-6\"><a href=\"http:\/\/test.musiksyndikat.de\/syndikat\/category\/verantstaltungen\/two_generations\/\">Konzertreihe Two Generations<\/a>\n<\/li>\n\t<li class=\"cat-item cat-item-5\"><a href=\"http:\/\/test.musiksyndikat.de\/syndikat\/category\/presse\/\" title=\"Musiksyndikat in der Presse.\">Presse<\/a>\n<\/li>\n\t<li class=\"cat-item cat-item-8\"><a href=\"http:\/\/test.musiksyndikat.de\/syndikat\/category\/verantstaltungen\/sommer-sonne-livemusik\/\">Sommer, Sonne, Livemusik<\/a>\n<\/li>\n\t<li class=\"cat-item cat-item-2\"><a href=\"http:\/\/test.musiksyndikat.de\/syndikat\/category\/verantstaltungen\/\" title=\"Veranstaltungen des Musiksyndikats.\">Veranstaltungen<\/a>\n<\/li>\n<\/ul>","protected":false},"excerpt":{"rendered":"","protected":false},"author":1,"featured_media":0,"parent":0,"menu_order":0,"comment_status":"closed","ping_status":"closed","template":"templates\/full-width-page.php","meta":[],"_links":{"self":[{"href":"http:\/\/test.musiksyndikat.de\/syndikat\/wp-json\/wp\/v2\/pages\/181"}],"collection":[{"href":"http:\/\/test.musiksyndikat.de\/syndikat\/wp-json\/wp\/v2\/pages"}],"about":[{"href":"http:\/\/test.musiksyndikat.de\/syndikat\/wp-json\/wp\/v2\/types\/page"}],"author":[{"embeddable":true,"href":"http:\/\/test.musiksyndikat.de\/syndikat\/wp-json\/wp\/v2\/users\/1"}],"replies":[{"embeddable":true,"href":"http:\/\/test.musiksyndikat.de\/syndikat\/wp-json\/wp\/v2\/comments?post=181"}],"version-history":[{"count":10,"href":"http:\/\/test.musiksyndikat.de\/syndikat\/wp-json\/wp\/v2\/pages\/181\/revisions"}],"predecessor-version":[{"id":209,"href":"http:\/\/test.musiksyndikat.de\/syndikat\/wp-json\/wp\/v2\/pages\/181\/revisions\/209"}],"wp:attachment":[{"href":"http:\/\/test.musiksyndikat.de\/syndikat\/wp-json\/wp\/v2\/media?parent=181"}],"curies":[{"name":"wp","href":"https:\/\/api.w.org\/{rel}","templated":true}]}}