{"id":145,"date":"2018-12-21T20:06:39","date_gmt":"2018-12-21T19:06:39","guid":{"rendered":"http:\/\/test.musiksyndikat.de\/syndikat\/?page_id=145"},"modified":"2018-12-21T20:11:40","modified_gmt":"2018-12-21T19:11:40","slug":"mitgliedsantraege","status":"publish","type":"page","link":"http:\/\/test.musiksyndikat.de\/syndikat\/mitgliedsantraege\/","title":{"rendered":"Mitgliedsantr\u00e4ge"},"content":{"rendered":"<p>Der Mitgliedsbeitrag f\u00fcr Privatpersonen betr\u00e4gt 60 EUR j\u00e4hrlich, f\u00fcr Vereine 120 EUR und f\u00fcr Firmen 180 EUR. W\u00e4hle bitte eines der unten stehenden Formulare aus.<\/p>\n<p>&nbsp;<\/p>\n<figure id=\"attachment_146\" aria-describedby=\"caption-attachment-146\" style=\"width: 300px\" class=\"wp-caption aligncenter\"><a href=\"http:\/\/test.musiksyndikat.de\/syndikat\/wp-content\/uploads\/2018\/09\/Beitrittserklaerung-Musiksyndikat-Ruhr.pdf\" target=\"_blank\" rel=\"noopener\"><img loading=\"lazy\" class=\"wp-image-146 size-medium\" title=\"Mitgliedsantrag f\u00fcr\" src=\"http:\/\/test.musiksyndikat.de\/syndikat\/wp-content\/uploads\/2018\/12\/icon_pdf-300x300.png\" alt=\"Mitgliedsantrag f\u00fcr Privatpersonen\" width=\"300\" height=\"300\" srcset=\"http:\/\/test.musiksyndikat.de\/syndikat\/wp-content\/uploads\/2018\/12\/icon_pdf-300x300.png 300w, http:\/\/test.musiksyndikat.de\/syndikat\/wp-content\/uploads\/2018\/12\/icon_pdf-150x150.png 150w, http:\/\/test.musiksyndikat.de\/syndikat\/wp-content\/uploads\/2018\/12\/icon_pdf.png 512w\" sizes=\"(max-width: 300px) 100vw, 300px\" \/><\/a><figcaption id=\"caption-attachment-146\" class=\"wp-caption-text\">Mitgliedsantrag f\u00fcr Privatpersonen<\/figcaption><\/figure>\n<figure id=\"attachment_146\" aria-describedby=\"caption-attachment-146\" style=\"width: 300px\" class=\"wp-caption aligncenter\"><a href=\"http:\/\/test.musiksyndikat.de\/syndikat\/wp-content\/uploads\/2018\/12\/Beitrittserklaerung_Vereine.pdf\" target=\"_blank\" rel=\"noopener\"><img loading=\"lazy\" class=\"wp-image-146 size-medium\" src=\"http:\/\/test.musiksyndikat.de\/syndikat\/wp-content\/uploads\/2018\/12\/icon_pdf-300x300.png\" alt=\"Mitgliedsantrag f\u00fcr Vereine\" width=\"300\" height=\"300\" srcset=\"http:\/\/test.musiksyndikat.de\/syndikat\/wp-content\/uploads\/2018\/12\/icon_pdf-300x300.png 300w, http:\/\/test.musiksyndikat.de\/syndikat\/wp-content\/uploads\/2018\/12\/icon_pdf-150x150.png 150w, http:\/\/test.musiksyndikat.de\/syndikat\/wp-content\/uploads\/2018\/12\/icon_pdf.png 512w\" sizes=\"(max-width: 300px) 100vw, 300px\" \/><\/a><figcaption id=\"caption-attachment-146\" class=\"wp-caption-text\">Mitgliedsantrag f\u00fcr Vereine<\/figcaption><\/figure>\n<figure id=\"attachment_146\" aria-describedby=\"caption-attachment-146\" style=\"width: 300px\" class=\"wp-caption aligncenter\"><a href=\"http:\/\/test.musiksyndikat.de\/syndikat\/wp-content\/uploads\/2018\/12\/Beitrittserklaerung_Firmen.pdf\" target=\"_blank\" rel=\"noopener\"><img loading=\"lazy\" class=\"wp-image-146 size-medium\" src=\"http:\/\/test.musiksyndikat.de\/syndikat\/wp-content\/uploads\/2018\/12\/icon_pdf-300x300.png\" alt=\"Mitgliedsantrag f\u00fcr Firmen\" width=\"300\" height=\"300\" srcset=\"http:\/\/test.musiksyndikat.de\/syndikat\/wp-content\/uploads\/2018\/12\/icon_pdf-300x300.png 300w, http:\/\/test.musiksyndikat.de\/syndikat\/wp-content\/uploads\/2018\/12\/icon_pdf-150x150.png 150w, http:\/\/test.musiksyndikat.de\/syndikat\/wp-content\/uploads\/2018\/12\/icon_pdf.png 512w\" sizes=\"(max-width: 300px) 100vw, 300px\" \/><\/a><figcaption id=\"caption-attachment-146\" class=\"wp-caption-text\">Mitgliedsantrag f\u00fcr Firmen<\/figcaption><\/figure>\n","protected":false},"excerpt":{"rendered":"<p>Der Mitgliedsbeitrag f\u00fcr Privatpersonen betr\u00e4gt 60 EUR j\u00e4hrlich, f\u00fcr Vereine 120 EUR und f\u00fcr Firmen 180 EUR. W\u00e4hle bitte eines der unten stehenden Formulare aus. &nbsp;<\/p>\n","protected":false},"author":1,"featured_media":0,"parent":0,"menu_order":0,"comment_status":"closed","ping_status":"closed","template":"","meta":[],"_links":{"self":[{"href":"http:\/\/test.musiksyndikat.de\/syndikat\/wp-json\/wp\/v2\/pages\/145"}],"collection":[{"href":"http:\/\/test.musiksyndikat.de\/syndikat\/wp-json\/wp\/v2\/pages"}],"about":[{"href":"http:\/\/test.musiksyndikat.de\/syndikat\/wp-json\/wp\/v2\/types\/page"}],"author":[{"embeddable":true,"href":"http:\/\/test.musiksyndikat.de\/syndikat\/wp-json\/wp\/v2\/users\/1"}],"replies":[{"embeddable":true,"href":"http:\/\/test.musiksyndikat.de\/syndikat\/wp-json\/wp\/v2\/comments?post=145"}],"version-history":[{"count":4,"href":"http:\/\/test.musiksyndikat.de\/syndikat\/wp-json\/wp\/v2\/pages\/145\/revisions"}],"predecessor-version":[{"id":153,"href":"http:\/\/test.musiksyndikat.de\/syndikat\/wp-json\/wp\/v2\/pages\/145\/revisions\/153"}],"wp:attachment":[{"href":"http:\/\/test.musiksyndikat.de\/syndikat\/wp-json\/wp\/v2\/media?parent=145"}],"curies":[{"name":"wp","href":"https:\/\/api.w.org\/{rel}","templated":true}]}}